{"id":15,"date":"2025-02-16T15:40:37","date_gmt":"2025-02-16T15:40:37","guid":{"rendered":"https:\/\/philosypsique.com\/inicio\/?page_id=15"},"modified":"2025-05-05T16:25:51","modified_gmt":"2025-05-05T16:25:51","slug":"blog","status":"publish","type":"page","link":"https:\/\/philosypsique.com\/inicio\/index.php\/blog\/","title":{"rendered":"Blog"},"content":{"rendered":"\n<div class=\"wp-block-group has-global-padding is-layout-constrained wp-block-group-is-layout-constrained\"><ul style=\"margin-right:var(--wp--preset--spacing--60);margin-left:var(--wp--preset--spacing--60);\" class=\"wp-block-latest-posts__list has-dates aligncenter wp-block-latest-posts\"><li><div class=\"wp-block-latest-posts__featured-image aligncenter\"><img loading=\"lazy\" decoding=\"async\" width=\"240\" height=\"300\" src=\"https:\/\/philosypsique.com\/inicio\/wp-content\/uploads\/2026\/03\/3-240x300.png\" class=\"attachment-medium size-medium wp-post-image\" alt=\"\" style=\"\" srcset=\"https:\/\/philosypsique.com\/inicio\/wp-content\/uploads\/2026\/03\/3-240x300.png 240w, https:\/\/philosypsique.com\/inicio\/wp-content\/uploads\/2026\/03\/3-819x1024.png 819w, https:\/\/philosypsique.com\/inicio\/wp-content\/uploads\/2026\/03\/3-768x960.png 768w, https:\/\/philosypsique.com\/inicio\/wp-content\/uploads\/2026\/03\/3.png 1080w\" sizes=\"auto, (max-width: 240px) 100vw, 240px\" \/><\/div><a class=\"wp-block-latest-posts__post-title\" href=\"https:\/\/philosypsique.com\/inicio\/index.php\/2026\/03\/04\/quien-esta-escribiendo-tu-historia-taller-la-sabiduria-de-la-autoestima\/\">\u00bfQui\u00e9n est\u00e1 escribiendo tu historia? Taller: La Sabidur\u00eda de la Autoestima<\/a><time datetime=\"2026-03-04T19:15:21+00:00\" class=\"wp-block-latest-posts__post-date\">marzo 4, 2026<\/time><div class=\"wp-block-latest-posts__post-excerpt\">Gran parte de lo que creemos sobre nosotros no naci\u00f3 en nosotros. Son voces heredadas, juicios repetidos, expectativas que terminamos aceptando como verdad. La autoestima se da\u00f1a cuando dejamos que otros definan nuestro valor. En Philos y Psique trabajamos desde una&#8230;<\/div><\/li>\n<li><a class=\"wp-block-latest-posts__post-title\" href=\"https:\/\/philosypsique.com\/inicio\/index.php\/2025\/05\/05\/taller-presencial\/\">Taller presencial<\/a><time datetime=\"2025-05-05T16:30:17+00:00\" class=\"wp-block-latest-posts__post-date\">mayo 5, 2025<\/time><div class=\"wp-block-latest-posts__post-excerpt\">Participa en el taller que ofreceremos el pr\u00f3ximo 7 de junio en Guadalajara. Taller presencial. Filosof\u00eda y salud mental: Pr\u00e1cticas y h\u00e1bitos para una vida buena ObjetivoExplorar nuestros ideales de felicidad para clarificar y hacer m\u00e1s conscientes los valores y direcciones&#8230;<\/div><\/li>\n<li><div class=\"wp-block-latest-posts__featured-image aligncenter\"><img loading=\"lazy\" decoding=\"async\" width=\"300\" height=\"171\" src=\"https:\/\/philosypsique.com\/inicio\/wp-content\/uploads\/2025\/03\/Episodio-2_mente-cuerpo-300x171.webp\" class=\"attachment-medium size-medium wp-post-image\" alt=\"\" style=\"\" srcset=\"https:\/\/philosypsique.com\/inicio\/wp-content\/uploads\/2025\/03\/Episodio-2_mente-cuerpo-300x171.webp 300w, https:\/\/philosypsique.com\/inicio\/wp-content\/uploads\/2025\/03\/Episodio-2_mente-cuerpo-1024x585.webp 1024w, https:\/\/philosypsique.com\/inicio\/wp-content\/uploads\/2025\/03\/Episodio-2_mente-cuerpo-768x439.webp 768w, https:\/\/philosypsique.com\/inicio\/wp-content\/uploads\/2025\/03\/Episodio-2_mente-cuerpo-1536x878.webp 1536w, https:\/\/philosypsique.com\/inicio\/wp-content\/uploads\/2025\/03\/Episodio-2_mente-cuerpo.webp 1792w\" sizes=\"auto, (max-width: 300px) 100vw, 300px\" \/><\/div><a class=\"wp-block-latest-posts__post-title\" href=\"https:\/\/philosypsique.com\/inicio\/index.php\/2025\/03\/29\/cuerpo-y-mente-una-unidad-indivisible-para-la-salud-mental\/\">Cuerpo y mente: una unidad indivisible para la salud mental<\/a><time datetime=\"2025-03-29T06:07:57+00:00\" class=\"wp-block-latest-posts__post-date\">marzo 29, 2025<\/time><div class=\"wp-block-latest-posts__post-excerpt\">La idea de que el cuerpo y la mente son entidades separadas ha permeado la historia del pensamiento occidental. Desde Descartes, quien plante\u00f3 la c\u00e9lebre frase \u00abpienso, luego existo\u00bb, la mente ha sido vista como la esencia del ser humano, mientras&#8230;<\/div><\/li>\n<li><div class=\"wp-block-latest-posts__featured-image aligncenter\"><img loading=\"lazy\" decoding=\"async\" width=\"300\" height=\"300\" src=\"https:\/\/philosypsique.com\/inicio\/wp-content\/uploads\/2025\/03\/portada-blog-300x300.png\" class=\"attachment-medium size-medium wp-post-image\" alt=\"\" style=\"\" srcset=\"https:\/\/philosypsique.com\/inicio\/wp-content\/uploads\/2025\/03\/portada-blog-300x300.png 300w, https:\/\/philosypsique.com\/inicio\/wp-content\/uploads\/2025\/03\/portada-blog-150x150.png 150w, https:\/\/philosypsique.com\/inicio\/wp-content\/uploads\/2025\/03\/portada-blog.png 600w\" sizes=\"auto, (max-width: 300px) 100vw, 300px\" \/><\/div><a class=\"wp-block-latest-posts__post-title\" href=\"https:\/\/philosypsique.com\/inicio\/index.php\/2025\/03\/15\/vida-buena-y-salud-mental-dos-caminos-que-se-entrelazan\/\">Vida buena y salud mental: dos caminos que se entrelazan<\/a><time datetime=\"2025-03-15T08:03:08+00:00\" class=\"wp-block-latest-posts__post-date\">marzo 15, 2025<\/time><div class=\"wp-block-latest-posts__post-excerpt\">En el mundo contempor\u00e1neo, m\u00faltiples factores pueden amenazar nuestro desarrollo. El estr\u00e9s cr\u00f3nico y la sobrecarga laboral nos alejan del equilibrio, mientras que el aislamiento social y las relaciones t\u00f3xicas deterioran nuestra autoestima. La hiperconectividad y el consumo excesivo de redes&#8230;<\/div><\/li>\n<li><div class=\"wp-block-latest-posts__featured-image aligncenter\"><img loading=\"lazy\" decoding=\"async\" width=\"300\" height=\"300\" src=\"https:\/\/philosypsique.com\/inicio\/wp-content\/uploads\/2025\/02\/DALL\u00b7E-2025-02-15-18.11.09-A-visually-engaging-podcast-cover-for-Philos-y-Psique.-The-design-should-feature-a-blend-of-philosophy-and-mental-health-them-300x300.webp\" class=\"attachment-medium size-medium wp-post-image\" alt=\"\" style=\"\" srcset=\"https:\/\/philosypsique.com\/inicio\/wp-content\/uploads\/2025\/02\/DALL\u00b7E-2025-02-15-18.11.09-A-visually-engaging-podcast-cover-for-Philos-y-Psique.-The-design-should-feature-a-blend-of-philosophy-and-mental-health-them-300x300.webp 300w, https:\/\/philosypsique.com\/inicio\/wp-content\/uploads\/2025\/02\/DALL\u00b7E-2025-02-15-18.11.09-A-visually-engaging-podcast-cover-for-Philos-y-Psique.-The-design-should-feature-a-blend-of-philosophy-and-mental-health-them-150x150.webp 150w, https:\/\/philosypsique.com\/inicio\/wp-content\/uploads\/2025\/02\/DALL\u00b7E-2025-02-15-18.11.09-A-visually-engaging-podcast-cover-for-Philos-y-Psique.-The-design-should-feature-a-blend-of-philosophy-and-mental-health-them-768x768.webp 768w, https:\/\/philosypsique.com\/inicio\/wp-content\/uploads\/2025\/02\/DALL\u00b7E-2025-02-15-18.11.09-A-visually-engaging-podcast-cover-for-Philos-y-Psique.-The-design-should-feature-a-blend-of-philosophy-and-mental-health-them.webp 1024w\" sizes=\"auto, (max-width: 300px) 100vw, 300px\" \/><\/div><a class=\"wp-block-latest-posts__post-title\" href=\"https:\/\/philosypsique.com\/inicio\/index.php\/2025\/02\/16\/filosofia-y-saludmental\/\">La filosof\u00eda y la salud mental. Un di\u00e1logo necesario en el mundo contempor\u00e1neo<\/a><time datetime=\"2025-02-16T15:35:37+00:00\" class=\"wp-block-latest-posts__post-date\">febrero 16, 2025<\/time><div class=\"wp-block-latest-posts__post-excerpt\">En un mundo saturado de mensajes sobre felicidad instant\u00e1nea y soluciones r\u00e1pidas para el bienestar, es f\u00e1cil olvidar que vivir bien no se trata solo de acumular momentos de alegr\u00eda o eliminar por completo el malestar. La vida buena \u2014ese ideal&#8230;<\/div><\/li>\n<li><div class=\"wp-block-latest-posts__featured-image aligncenter\"><img loading=\"lazy\" decoding=\"async\" width=\"258\" height=\"300\" src=\"https:\/\/philosypsique.com\/inicio\/wp-content\/uploads\/2025\/02\/Logo-philo_psique-258x300.jpg\" class=\"attachment-medium size-medium wp-post-image\" alt=\"\" style=\"\" srcset=\"https:\/\/philosypsique.com\/inicio\/wp-content\/uploads\/2025\/02\/Logo-philo_psique-258x300.jpg 258w, https:\/\/philosypsique.com\/inicio\/wp-content\/uploads\/2025\/02\/Logo-philo_psique-881x1024.jpg 881w, https:\/\/philosypsique.com\/inicio\/wp-content\/uploads\/2025\/02\/Logo-philo_psique-768x892.jpg 768w, https:\/\/philosypsique.com\/inicio\/wp-content\/uploads\/2025\/02\/Logo-philo_psique-1322x1536.jpg 1322w, https:\/\/philosypsique.com\/inicio\/wp-content\/uploads\/2025\/02\/Logo-philo_psique-1763x2048.jpg 1763w, https:\/\/philosypsique.com\/inicio\/wp-content\/uploads\/2025\/02\/Logo-philo_psique-e1739665008571.jpg 200w\" sizes=\"auto, (max-width: 258px) 100vw, 258px\" \/><\/div><a class=\"wp-block-latest-posts__post-title\" href=\"https:\/\/philosypsique.com\/inicio\/index.php\/2025\/02\/15\/hello-world\/\">\u00bfQu\u00e9 es Philos y Psique?<\/a><time datetime=\"2025-02-15T20:24:37+00:00\" class=\"wp-block-latest-posts__post-date\">febrero 15, 2025<\/time><div class=\"wp-block-latest-posts__post-excerpt\">En un mundo donde el ritmo acelerado de la vida cotidiana nos empuja a resolverlo todo con inmediatez, detenernos a reflexionar sobre lo que realmente importa se vuelve un acto revolucionario. Es aqu\u00ed donde nace Philos y Psique, un podcast que&#8230;<\/div><\/li>\n<\/ul><\/div>\n","protected":false},"excerpt":{"rendered":"","protected":false},"author":1,"featured_media":0,"parent":0,"menu_order":0,"comment_status":"closed","ping_status":"closed","template":"full-width","meta":{"footnotes":""},"class_list":["post-15","page","type-page","status-publish","hentry"],"yoast_head":"<!-- This site is optimized with the Yoast SEO plugin v27.4 - https:\/\/yoast.com\/product\/yoast-seo-wordpress\/ -->\n<title>Blog - Philosypsique<\/title>\n<meta name=\"robots\" content=\"index, follow, max-snippet:-1, max-image-preview:large, max-video-preview:-1\" \/>\n<link rel=\"canonical\" href=\"https:\/\/philosypsique.com\/inicio\/index.php\/blog\/\" \/>\n<meta property=\"og:locale\" content=\"es_ES\" \/>\n<meta property=\"og:type\" content=\"article\" \/>\n<meta property=\"og:title\" content=\"Blog - Philosypsique\" \/>\n<meta property=\"og:url\" content=\"https:\/\/philosypsique.com\/inicio\/index.php\/blog\/\" \/>\n<meta property=\"og:site_name\" content=\"Philosypsique\" \/>\n<meta property=\"article:modified_time\" content=\"2025-05-05T16:25:51+00:00\" \/>\n<meta name=\"twitter:card\" content=\"summary_large_image\" \/>\n<script type=\"application\/ld+json\" class=\"yoast-schema-graph\">{\"@context\":\"https:\\\/\\\/schema.org\",\"@graph\":[{\"@type\":\"WebPage\",\"@id\":\"https:\\\/\\\/philosypsique.com\\\/inicio\\\/index.php\\\/blog\\\/\",\"url\":\"https:\\\/\\\/philosypsique.com\\\/inicio\\\/index.php\\\/blog\\\/\",\"name\":\"Blog - Philosypsique\",\"isPartOf\":{\"@id\":\"https:\\\/\\\/philosypsique.com\\\/inicio\\\/#website\"},\"datePublished\":\"2025-02-16T15:40:37+00:00\",\"dateModified\":\"2025-05-05T16:25:51+00:00\",\"breadcrumb\":{\"@id\":\"https:\\\/\\\/philosypsique.com\\\/inicio\\\/index.php\\\/blog\\\/#breadcrumb\"},\"inLanguage\":\"es\",\"potentialAction\":[{\"@type\":\"ReadAction\",\"target\":[\"https:\\\/\\\/philosypsique.com\\\/inicio\\\/index.php\\\/blog\\\/\"]}]},{\"@type\":\"BreadcrumbList\",\"@id\":\"https:\\\/\\\/philosypsique.com\\\/inicio\\\/index.php\\\/blog\\\/#breadcrumb\",\"itemListElement\":[{\"@type\":\"ListItem\",\"position\":1,\"name\":\"Portada\",\"item\":\"https:\\\/\\\/philosypsique.com\\\/inicio\\\/\"},{\"@type\":\"ListItem\",\"position\":2,\"name\":\"Blog\"}]},{\"@type\":\"WebSite\",\"@id\":\"https:\\\/\\\/philosypsique.com\\\/inicio\\\/#website\",\"url\":\"https:\\\/\\\/philosypsique.com\\\/inicio\\\/\",\"name\":\"Philosypsique\",\"description\":\"Espacio para sentir, pensar y cuestionar.\",\"publisher\":{\"@id\":\"https:\\\/\\\/philosypsique.com\\\/inicio\\\/#organization\"},\"potentialAction\":[{\"@type\":\"SearchAction\",\"target\":{\"@type\":\"EntryPoint\",\"urlTemplate\":\"https:\\\/\\\/philosypsique.com\\\/inicio\\\/?s={search_term_string}\"},\"query-input\":{\"@type\":\"PropertyValueSpecification\",\"valueRequired\":true,\"valueName\":\"search_term_string\"}}],\"inLanguage\":\"es\"},{\"@type\":\"Organization\",\"@id\":\"https:\\\/\\\/philosypsique.com\\\/inicio\\\/#organization\",\"name\":\"Philosypsique\",\"url\":\"https:\\\/\\\/philosypsique.com\\\/inicio\\\/\",\"logo\":{\"@type\":\"ImageObject\",\"inLanguage\":\"es\",\"@id\":\"https:\\\/\\\/philosypsique.com\\\/inicio\\\/#\\\/schema\\\/logo\\\/image\\\/\",\"url\":\"https:\\\/\\\/philosypsique.com\\\/inicio\\\/wp-content\\\/uploads\\\/2025\\\/02\\\/Logo-philo_psique-e1739665008571.jpg\",\"contentUrl\":\"https:\\\/\\\/philosypsique.com\\\/inicio\\\/wp-content\\\/uploads\\\/2025\\\/02\\\/Logo-philo_psique-e1739665008571.jpg\",\"width\":200,\"height\":232,\"caption\":\"Philosypsique\"},\"image\":{\"@id\":\"https:\\\/\\\/philosypsique.com\\\/inicio\\\/#\\\/schema\\\/logo\\\/image\\\/\"}}]}<\/script>\n<!-- \/ Yoast SEO plugin. -->","yoast_head_json":{"title":"Blog - Philosypsique","robots":{"index":"index","follow":"follow","max-snippet":"max-snippet:-1","max-image-preview":"max-image-preview:large","max-video-preview":"max-video-preview:-1"},"canonical":"https:\/\/philosypsique.com\/inicio\/index.php\/blog\/","og_locale":"es_ES","og_type":"article","og_title":"Blog - Philosypsique","og_url":"https:\/\/philosypsique.com\/inicio\/index.php\/blog\/","og_site_name":"Philosypsique","article_modified_time":"2025-05-05T16:25:51+00:00","twitter_card":"summary_large_image","schema":{"@context":"https:\/\/schema.org","@graph":[{"@type":"WebPage","@id":"https:\/\/philosypsique.com\/inicio\/index.php\/blog\/","url":"https:\/\/philosypsique.com\/inicio\/index.php\/blog\/","name":"Blog - Philosypsique","isPartOf":{"@id":"https:\/\/philosypsique.com\/inicio\/#website"},"datePublished":"2025-02-16T15:40:37+00:00","dateModified":"2025-05-05T16:25:51+00:00","breadcrumb":{"@id":"https:\/\/philosypsique.com\/inicio\/index.php\/blog\/#breadcrumb"},"inLanguage":"es","potentialAction":[{"@type":"ReadAction","target":["https:\/\/philosypsique.com\/inicio\/index.php\/blog\/"]}]},{"@type":"BreadcrumbList","@id":"https:\/\/philosypsique.com\/inicio\/index.php\/blog\/#breadcrumb","itemListElement":[{"@type":"ListItem","position":1,"name":"Portada","item":"https:\/\/philosypsique.com\/inicio\/"},{"@type":"ListItem","position":2,"name":"Blog"}]},{"@type":"WebSite","@id":"https:\/\/philosypsique.com\/inicio\/#website","url":"https:\/\/philosypsique.com\/inicio\/","name":"Philosypsique","description":"Espacio para sentir, pensar y cuestionar.","publisher":{"@id":"https:\/\/philosypsique.com\/inicio\/#organization"},"potentialAction":[{"@type":"SearchAction","target":{"@type":"EntryPoint","urlTemplate":"https:\/\/philosypsique.com\/inicio\/?s={search_term_string}"},"query-input":{"@type":"PropertyValueSpecification","valueRequired":true,"valueName":"search_term_string"}}],"inLanguage":"es"},{"@type":"Organization","@id":"https:\/\/philosypsique.com\/inicio\/#organization","name":"Philosypsique","url":"https:\/\/philosypsique.com\/inicio\/","logo":{"@type":"ImageObject","inLanguage":"es","@id":"https:\/\/philosypsique.com\/inicio\/#\/schema\/logo\/image\/","url":"https:\/\/philosypsique.com\/inicio\/wp-content\/uploads\/2025\/02\/Logo-philo_psique-e1739665008571.jpg","contentUrl":"https:\/\/philosypsique.com\/inicio\/wp-content\/uploads\/2025\/02\/Logo-philo_psique-e1739665008571.jpg","width":200,"height":232,"caption":"Philosypsique"},"image":{"@id":"https:\/\/philosypsique.com\/inicio\/#\/schema\/logo\/image\/"}}]}},"_links":{"self":[{"href":"https:\/\/philosypsique.com\/inicio\/index.php\/wp-json\/wp\/v2\/pages\/15","targetHints":{"allow":["GET"]}}],"collection":[{"href":"https:\/\/philosypsique.com\/inicio\/index.php\/wp-json\/wp\/v2\/pages"}],"about":[{"href":"https:\/\/philosypsique.com\/inicio\/index.php\/wp-json\/wp\/v2\/types\/page"}],"author":[{"embeddable":true,"href":"https:\/\/philosypsique.com\/inicio\/index.php\/wp-json\/wp\/v2\/users\/1"}],"replies":[{"embeddable":true,"href":"https:\/\/philosypsique.com\/inicio\/index.php\/wp-json\/wp\/v2\/comments?post=15"}],"version-history":[{"count":5,"href":"https:\/\/philosypsique.com\/inicio\/index.php\/wp-json\/wp\/v2\/pages\/15\/revisions"}],"predecessor-version":[{"id":72,"href":"https:\/\/philosypsique.com\/inicio\/index.php\/wp-json\/wp\/v2\/pages\/15\/revisions\/72"}],"wp:attachment":[{"href":"https:\/\/philosypsique.com\/inicio\/index.php\/wp-json\/wp\/v2\/media?parent=15"}],"curies":[{"name":"wp","href":"https:\/\/api.w.org\/{rel}","templated":true}]}}