{"id":73,"date":"2025-02-16T15:53:54","date_gmt":"2025-02-16T15:53:54","guid":{"rendered":"https:\/\/philosypsique.com\/inicio\/?page_id=73"},"modified":"2026-03-04T16:22:25","modified_gmt":"2026-03-04T16:22:25","slug":"episodios","status":"publish","type":"page","link":"https:\/\/philosypsique.com\/inicio\/index.php\/episodios\/","title":{"rendered":"Episodios"},"content":{"rendered":"\n<p>M\u00e1s que un podcast: es un espacio de reflexi\u00f3n y aprendizaje donde combinamos la psicoterapia, la psiquiatr\u00eda y la filosof\u00eda para abordar los desaf\u00edos de la vida moderna. Creemos que sentir, cuestionar, entender y dialogar son claves para el bienestar.<\/p>\n\n\n\n<h4 class=\"wp-block-heading\">Episodio 0<\/h4>\n\n\n\n<iframe style=\"border-radius:12px; display:block; margin:auto;\" src=\"https:\/\/open.spotify.com\/embed\/episode\/0eWEin9sSJYW2KO5YAjphd?utm_source=generator\" width=\"50%\" height=\"152\" frameBorder=\"0\" allowfullscreen=\"\" allow=\"autoplay; clipboard-write; encrypted-media; fullscreen; picture-in-picture\" loading=\"lazy\"><\/iframe>\n\n\n\n<h4 class=\"wp-block-heading\">Episodio 1<\/h4>\n\n\n<p><iframe loading=\"lazy\" style=\"border-radius: 12px; display: block; margin: auto;\" src=\"https:\/\/open.spotify.com\/embed\/episode\/48pk14Qo9oAFDEeX7FYgt1?utm_source=generator\" width=\"50%\" height=\"152\" frameborder=\"0\" allowfullscreen=\"allowfullscreen\"><\/iframe><\/p>\n\n\n<h4 class=\"wp-block-heading\">Episodio 2<\/h4>\n\n\n<p><iframe style=\"border-radius:12px; display:block; margin:auto;\" src=\"https:\/\/open.spotify.com\/embed\/episode\/46m2dPyZB1EJgO7a5wdS2H\/video?utm_source=generator\" width=\"50%\" height=\"152\" frameBorder=\"0\" allowfullscreen=\"\" allow=\"autoplay; clipboard-write; encrypted-media; fullscreen; picture-in-picture\" loading=\"lazy\"><\/iframe><\/p>\n\n\n<h4 class=\"wp-block-heading\">Episodio 3<\/h4>\n\n\n<p><iframe style=\"border-radius:12px; display:block; margin:auto;\" src=\"https:\/\/open.spotify.com\/embed\/episode\/5F7XLCbV4hWrSDWMYCg3th?utm_source=generator\" width=\"50%\" height=\"152\" frameBorder=\"0\" allowfullscreen=\"\" allow=\"autoplay; clipboard-write; encrypted-media; fullscreen; picture-in-picture\" loading=\"lazy\"><\/iframe><\/p>\n\n\n<h4 class=\"wp-block-heading\">Episodio 4<\/h4>\n\n\n<p><iframe loading=\"lazy\" style=\"border-radius: 12px; display: block; margin: auto;\" src=\"https:\/\/open.spotify.com\/embed\/episode\/7MOQMbmPB1wB0bgyQrXsSE?utm_source=generator\" width=\"50%\" height=\"152\" frameborder=\"0\" allowfullscreen=\"allowfullscreen\"><\/iframe><\/p>\n\n\n<h4 class=\"wp-block-heading\">Episodio 5<\/h4>\n\n\n<p><iframe loading=\"lazy\" style=\"border-radius: 12px; display: block; margin: auto;\" src=\"https:\/\/open.spotify.com\/embed\/episode\/04UvLRadeQMLdletM7xU1I?utm_source=generator\" width=\"50%\" height=\"152\" frameborder=\"0\" allowfullscreen=\"allowfullscreen\"><\/iframe><\/p>\n\n\n<h4 class=\"wp-block-heading\">Episodio 6<\/h4>\n\n\n\n<iframe style=\"border-radius:12px\" src=\"https:\/\/open.spotify.com\/embed\/episode\/7nhbBvg2rdQBZniJ5jIhWN?utm_source=generator\" width=\"50%\" height=\"152\" frameBorder=\"0\" allowfullscreen=\"\" allow=\"autoplay; clipboard-write; encrypted-media; fullscreen; picture-in-picture\" loading=\"lazy\"><\/iframe>\n\n\n\n<h4 class=\"wp-block-heading\">Episodio 7<\/h4>\n\n\n\n<iframe style=\"border-radius:12px\" src=\"https:\/\/open.spotify.com\/embed\/episode\/1MDoBrTxyeYtxLE0ER6Bhn?utm_source=generator\" width=\"50%\" height=\"152\" frameBorder=\"0\" allowfullscreen=\"\" allow=\"autoplay; clipboard-write; encrypted-media; fullscreen; picture-in-picture\" loading=\"lazy\"><\/iframe>\n\n\n\n<h4 class=\"wp-block-heading\">Episodio 8<\/h4>\n\n\n\n<iframe style=\"border-radius:12px\" src=\"https:\/\/open.spotify.com\/embed\/episode\/5RDqxcTmEbsuVNkmn38KjH?utm_source=generator\" width=\"50%\" height=\"152\" frameBorder=\"0\" allowfullscreen=\"\" allow=\"autoplay; clipboard-write; encrypted-media; fullscreen; picture-in-picture\" loading=\"lazy\"><\/iframe>\n\n\n\n<h4 class=\"wp-block-heading\">Episodio 9<\/h4>\n\n\n\n<iframe style=\"border-radius:12px\" src=\"https:\/\/open.spotify.com\/embed\/episode\/0E34JdVbWdR0dHTBdvWHGH?utm_source=generator\" width=\"50%\" height=\"152\" frameBorder=\"0\" allowfullscreen=\"\" allow=\"autoplay; clipboard-write; encrypted-media; fullscreen; picture-in-picture\" loading=\"lazy\"><\/iframe>\n\n\n\n<h4 class=\"wp-block-heading\">Episodio 10<\/h4>\n\n\n\n<iframe style=\"border-radius:12px\" src=\"https:\/\/open.spotify.com\/embed\/episode\/64UV7KW3kdiG0cpeLz2gvd?utm_source=generator\" width=\"50%\" height=\"152\" frameBorder=\"0\" allowfullscreen=\"\" allow=\"autoplay; clipboard-write; encrypted-media; fullscreen; picture-in-picture\" loading=\"lazy\"><\/iframe>\n\n\n\n<h4 class=\"wp-block-heading\">Episodio 11<\/h4>\n\n\n\n<iframe style=\"border-radius:12px\" src=\"https:\/\/open.spotify.com\/embed\/episode\/72fFmMgqPG7hGPb4EeSli2?utm_source=generator\" width=\"50%\" height=\"152\" frameBorder=\"0\" allowfullscreen=\"\" allow=\"autoplay; clipboard-write; encrypted-media; fullscreen; picture-in-picture\" loading=\"lazy\"><\/iframe>\n\n\n\n<h4 class=\"wp-block-heading\">Episodio 12<\/h4>\n\n\n\n<iframe style=\"border-radius:12px\" src=\"https:\/\/open.spotify.com\/embed\/episode\/5ZnkfLd1hDkJ5H5kCkZAt8?utm_source=generator\" width=\"50%\" height=\"152\" frameBorder=\"0\" allowfullscreen=\"\" allow=\"autoplay; clipboard-write; encrypted-media; fullscreen; picture-in-picture\" loading=\"lazy\"><\/iframe>\n\n\n\n<h4 class=\"wp-block-heading\">Episodio 13<\/h4>\n\n\n\n<iframe style=\"border-radius:12px\" src=\"https:\/\/open.spotify.com\/embed\/episode\/6Jyn9JHvPZVHvpKKjDTe0m?utm_source=generator\" width=\"50%\" height=\"152\" frameBorder=\"0\" allowfullscreen=\"\" allow=\"autoplay; clipboard-write; encrypted-media; fullscreen; picture-in-picture\" loading=\"lazy\"><\/iframe>\n\n\n\n<h4 class=\"wp-block-heading\">Episodio 14<\/h4>\n\n\n\n<iframe style=\"border-radius:12px\" src=\"https:\/\/open.spotify.com\/embed\/episode\/2V8uY5NToEbBPOKym6OYcY\/video?utm_source=generator\" width=\"496\" height=\"279\" frameBorder=\"0\" allowfullscreen=\"\" allow=\"autoplay; clipboard-write; encrypted-media; fullscreen; picture-in-picture\" loading=\"lazy\"><\/iframe>\n\n\n\n<h4 class=\"wp-block-heading\">Episodio 15<\/h4>\n\n\n\n<iframe style=\"border-radius:12px\" <iframe data-testid=\"embed-iframe\" style=\"border-radius:12px\" src=\"https:\/\/open.spotify.com\/embed\/episode\/4CWwoQmc2IYuSJny6EA3si?utm_source=generator\" width=\"50%\" height=\"152\" frameBorder=\"0\" allowfullscreen=\"\" allow=\"autoplay; clipboard-write; encrypted-media; fullscreen; picture-in-picture\" loading=\"lazy\"><\/iframe>\n\n\n\n<h4 class=\"wp-block-heading\">Episodio 16<\/h4>\n\n\n\n<iframe style=\"border-radius:12px\" <iframe data-testid=\"embed-iframe\" style=\"border-radius:12px\" src=\"https:\/\/open.spotify.com\/embed\/episode\/2t4gQ2K56lpIXd69JBRKZa?utm_source=generator\" width=\"50%\" height=\"152\" frameBorder=\"0\" allowfullscreen=\"\" allow=\"autoplay; clipboard-write; encrypted-media; fullscreen; picture-in-picture\" loading=\"lazy\"><\/iframe>\n\n\n\n<h4 class=\"wp-block-heading\">Episodio 17<\/h4>\n\n\n\n<h4 class=\"wp-block-heading\">Episodio 18<\/h4>\n\n\n\n<h4 class=\"wp-block-heading\">Episodio 19<\/h4>\n\n\n\n<div style=\"display: flex; justify-content: center; align-items: center; width: 100%; padding: 20px 0;\">\n    <iframe loading=\"lazy\" \n        width=\"560\" \n        height=\"315\" \n        src=\"https:\/\/www.youtube.com\/embed\/rWYTxlIejj8?si=sKqDZ4949bljllaE\" \n        title=\"YouTube video player\" \n        frameborder=\"0\" \n        allow=\"accelerometer; autoplay; clipboard-write; encrypted-media; gyroscope; picture-in-picture; web-share\" \n        referrerpolicy=\"strict-origin-when-cross-origin\" \n        allowfullscreen>\n    <\/iframe>\n<\/div>\n\n\n\n<h4 class=\"wp-block-heading\">Episodio 20<\/h4>\n\n\n\n<div style=\"display: flex; justify-content: center; align-items: center; width: 100%; padding: 20px 0;\">\n    <iframe loading=\"lazy\" \n        width=\"560\" \n        height=\"315\" \n        src=\"https:\/\/www.youtube.com\/embed\/c8pAZzYE9m0?si=bqHdlXGmC4DUsSvE\" \n        title=\"YouTube video player\" \n        frameborder=\"0\" \n        allow=\"accelerometer; autoplay; clipboard-write; encrypted-media; gyroscope; picture-in-picture; web-share\" \n        referrerpolicy=\"strict-origin-when-cross-origin\" \n        allowfullscreen>\n    <\/iframe>\n<\/div>\n\n\n\n<h4 class=\"wp-block-heading\">Episodio 21<\/h4>\n\n\n\n<div style=\"display: flex; justify-content: center; align-items: center; width: 100%; padding: 20px 0;\">\n    <iframe loading=\"lazy\" \n        width=\"560\" \n        height=\"315\" \n        src=\"https:\/\/www.youtube.com\/embed\/DrzPvVdH380?si=ogZS418DtUq-y-Mk\" \n        title=\"YouTube video player\" \n        frameborder=\"0\" \n        allow=\"accelerometer; autoplay; clipboard-write; encrypted-media; gyroscope; picture-in-picture; web-share\" \n        referrerpolicy=\"strict-origin-when-cross-origin\" \n        allowfullscreen>\n    <\/iframe>\n<\/div>\n\n\n\n<h4 class=\"wp-block-heading\">Episodio 22<\/h4>\n\n\n\n<div style=\"display: flex; justify-content: center; align-items: center; width: 100%; padding: 20px 0;\">\n    <iframe loading=\"lazy\" \n        width=\"560\" \n        height=\"315\" \n        src=\"https:\/\/www.youtube.com\/embed\/sTl5KvDQKTE?si=vWnJzkbK4SiGKc-3\" \n        title=\"YouTube video player\" \n        frameborder=\"0\" \n        allow=\"accelerometer; autoplay; clipboard-write; encrypted-media; gyroscope; picture-in-picture; web-share\" \n        referrerpolicy=\"strict-origin-when-cross-origin\" \n        allowfullscreen>\n    <\/iframe>\n<\/div>\n\n\n\n<h4 class=\"wp-block-heading\">Episodio 23<\/h4>\n\n\n\n<div style=\"display: flex; justify-content: center; align-items: center; width: 100%; padding: 20px 0;\">\n    <iframe loading=\"lazy\" \n        width=\"560\" \n        height=\"315\" \n        src=\"https:\/\/www.youtube.com\/embed\/w67KbrJkL7I?si=Q_XCYSTbYOKiPsih\" \n        title=\"YouTube video player\" \n        frameborder=\"0\" \n        allow=\"accelerometer; autoplay; clipboard-write; encrypted-media; gyroscope; picture-in-picture; web-share\" \n        referrerpolicy=\"strict-origin-when-cross-origin\" \n        allowfullscreen>\n    <\/iframe>\n<\/div>\n\n\n\n<h4 class=\"wp-block-heading\">Episodio 24<\/h4>\n\n\n\n<div style=\"display: flex; justify-content: center; align-items: center; width: 100%; padding: 20px 0;\">\n    <iframe loading=\"lazy\" \n        width=\"560\" \n        height=\"315\" \n        src=\"https:\/\/www.youtube.com\/embed\/6Yfm8WfI8zM?si=HJXCkWTSpiaQlwVl\" \n        title=\"YouTube video player\" \n        frameborder=\"0\" \n        allow=\"accelerometer; autoplay; clipboard-write; encrypted-media; gyroscope; picture-in-picture; web-share\" \n        referrerpolicy=\"strict-origin-when-cross-origin\" \n        allowfullscreen>\n    <\/iframe>\n<\/div>\n\n\n\n<h4 class=\"wp-block-heading\">Episodio 25<\/h4>\n\n\n\n<div style=\"display: flex; justify-content: center; align-items: center; width: 100%; padding: 20px 0;\">\n    <iframe loading=\"lazy\" \n        width=\"560\" \n        height=\"315\" \n        src=\"https:\/\/www.youtube.com\/embed\/rWYTxlIejj8?si=sKqDZ4949bljllaE\" \n        title=\"YouTube video player\" \n        frameborder=\"0\" \n        allow=\"accelerometer; autoplay; clipboard-write; encrypted-media; gyroscope; picture-in-picture; web-share\" \n        referrerpolicy=\"strict-origin-when-cross-origin\" \n        allowfullscreen>\n    <\/iframe>\n<\/div>\n","protected":false},"excerpt":{"rendered":"<p>M\u00e1s que un podcast: es un espacio de reflexi\u00f3n y aprendizaje donde combinamos la psicoterapia, la psiquiatr\u00eda y la filosof\u00eda para abordar los desaf\u00edos de la vida moderna. Creemos que sentir, cuestionar, entender y dialogar son claves para el bienestar. Episodio 0 Episodio 1 Episodio 2 Episodio 3 Episodio 4 Episodio 5 Episodio 6 Episodio&#8230;<\/p>\n","protected":false},"author":1,"featured_media":0,"parent":0,"menu_order":0,"comment_status":"closed","ping_status":"closed","template":"","meta":{"footnotes":""},"class_list":["post-73","page","type-page","status-publish","hentry"],"yoast_head":"<!-- This site is optimized with the Yoast SEO plugin v27.4 - https:\/\/yoast.com\/product\/yoast-seo-wordpress\/ -->\n<title>Episodios - Philosypsique<\/title>\n<meta name=\"robots\" content=\"index, follow, max-snippet:-1, max-image-preview:large, max-video-preview:-1\" \/>\n<link rel=\"canonical\" href=\"https:\/\/philosypsique.com\/inicio\/index.php\/episodios\/\" \/>\n<meta property=\"og:locale\" content=\"es_ES\" \/>\n<meta property=\"og:type\" content=\"article\" \/>\n<meta property=\"og:title\" content=\"Episodios - Philosypsique\" \/>\n<meta property=\"og:description\" content=\"M\u00e1s que un podcast: es un espacio de reflexi\u00f3n y aprendizaje donde combinamos la psicoterapia, la psiquiatr\u00eda y la filosof\u00eda para abordar los desaf\u00edos de la vida moderna. Creemos que sentir, cuestionar, entender y dialogar son claves para el bienestar. Episodio 0 Episodio 1 Episodio 2 Episodio 3 Episodio 4 Episodio 5 Episodio 6 Episodio...\" \/>\n<meta property=\"og:url\" content=\"https:\/\/philosypsique.com\/inicio\/index.php\/episodios\/\" \/>\n<meta property=\"og:site_name\" content=\"Philosypsique\" \/>\n<meta property=\"article:modified_time\" content=\"2026-03-04T16:22:25+00:00\" \/>\n<meta name=\"twitter:card\" content=\"summary_large_image\" \/>\n<meta name=\"twitter:label1\" content=\"Tiempo de lectura\" \/>\n\t<meta name=\"twitter:data1\" content=\"1 minuto\" \/>\n<script type=\"application\/ld+json\" class=\"yoast-schema-graph\">{\"@context\":\"https:\\\/\\\/schema.org\",\"@graph\":[{\"@type\":\"WebPage\",\"@id\":\"https:\\\/\\\/philosypsique.com\\\/inicio\\\/index.php\\\/episodios\\\/\",\"url\":\"https:\\\/\\\/philosypsique.com\\\/inicio\\\/index.php\\\/episodios\\\/\",\"name\":\"Episodios - Philosypsique\",\"isPartOf\":{\"@id\":\"https:\\\/\\\/philosypsique.com\\\/inicio\\\/#website\"},\"datePublished\":\"2025-02-16T15:53:54+00:00\",\"dateModified\":\"2026-03-04T16:22:25+00:00\",\"breadcrumb\":{\"@id\":\"https:\\\/\\\/philosypsique.com\\\/inicio\\\/index.php\\\/episodios\\\/#breadcrumb\"},\"inLanguage\":\"es\",\"potentialAction\":[{\"@type\":\"ReadAction\",\"target\":[\"https:\\\/\\\/philosypsique.com\\\/inicio\\\/index.php\\\/episodios\\\/\"]}]},{\"@type\":\"BreadcrumbList\",\"@id\":\"https:\\\/\\\/philosypsique.com\\\/inicio\\\/index.php\\\/episodios\\\/#breadcrumb\",\"itemListElement\":[{\"@type\":\"ListItem\",\"position\":1,\"name\":\"Portada\",\"item\":\"https:\\\/\\\/philosypsique.com\\\/inicio\\\/\"},{\"@type\":\"ListItem\",\"position\":2,\"name\":\"Episodios\"}]},{\"@type\":\"WebSite\",\"@id\":\"https:\\\/\\\/philosypsique.com\\\/inicio\\\/#website\",\"url\":\"https:\\\/\\\/philosypsique.com\\\/inicio\\\/\",\"name\":\"Philosypsique\",\"description\":\"Espacio para sentir, pensar y cuestionar.\",\"publisher\":{\"@id\":\"https:\\\/\\\/philosypsique.com\\\/inicio\\\/#organization\"},\"potentialAction\":[{\"@type\":\"SearchAction\",\"target\":{\"@type\":\"EntryPoint\",\"urlTemplate\":\"https:\\\/\\\/philosypsique.com\\\/inicio\\\/?s={search_term_string}\"},\"query-input\":{\"@type\":\"PropertyValueSpecification\",\"valueRequired\":true,\"valueName\":\"search_term_string\"}}],\"inLanguage\":\"es\"},{\"@type\":\"Organization\",\"@id\":\"https:\\\/\\\/philosypsique.com\\\/inicio\\\/#organization\",\"name\":\"Philosypsique\",\"url\":\"https:\\\/\\\/philosypsique.com\\\/inicio\\\/\",\"logo\":{\"@type\":\"ImageObject\",\"inLanguage\":\"es\",\"@id\":\"https:\\\/\\\/philosypsique.com\\\/inicio\\\/#\\\/schema\\\/logo\\\/image\\\/\",\"url\":\"https:\\\/\\\/philosypsique.com\\\/inicio\\\/wp-content\\\/uploads\\\/2025\\\/02\\\/Logo-philo_psique-e1739665008571.jpg\",\"contentUrl\":\"https:\\\/\\\/philosypsique.com\\\/inicio\\\/wp-content\\\/uploads\\\/2025\\\/02\\\/Logo-philo_psique-e1739665008571.jpg\",\"width\":200,\"height\":232,\"caption\":\"Philosypsique\"},\"image\":{\"@id\":\"https:\\\/\\\/philosypsique.com\\\/inicio\\\/#\\\/schema\\\/logo\\\/image\\\/\"}}]}<\/script>\n<!-- \/ Yoast SEO plugin. -->","yoast_head_json":{"title":"Episodios - Philosypsique","robots":{"index":"index","follow":"follow","max-snippet":"max-snippet:-1","max-image-preview":"max-image-preview:large","max-video-preview":"max-video-preview:-1"},"canonical":"https:\/\/philosypsique.com\/inicio\/index.php\/episodios\/","og_locale":"es_ES","og_type":"article","og_title":"Episodios - Philosypsique","og_description":"M\u00e1s que un podcast: es un espacio de reflexi\u00f3n y aprendizaje donde combinamos la psicoterapia, la psiquiatr\u00eda y la filosof\u00eda para abordar los desaf\u00edos de la vida moderna. Creemos que sentir, cuestionar, entender y dialogar son claves para el bienestar. Episodio 0 Episodio 1 Episodio 2 Episodio 3 Episodio 4 Episodio 5 Episodio 6 Episodio...","og_url":"https:\/\/philosypsique.com\/inicio\/index.php\/episodios\/","og_site_name":"Philosypsique","article_modified_time":"2026-03-04T16:22:25+00:00","twitter_card":"summary_large_image","twitter_misc":{"Tiempo de lectura":"1 minuto"},"schema":{"@context":"https:\/\/schema.org","@graph":[{"@type":"WebPage","@id":"https:\/\/philosypsique.com\/inicio\/index.php\/episodios\/","url":"https:\/\/philosypsique.com\/inicio\/index.php\/episodios\/","name":"Episodios - Philosypsique","isPartOf":{"@id":"https:\/\/philosypsique.com\/inicio\/#website"},"datePublished":"2025-02-16T15:53:54+00:00","dateModified":"2026-03-04T16:22:25+00:00","breadcrumb":{"@id":"https:\/\/philosypsique.com\/inicio\/index.php\/episodios\/#breadcrumb"},"inLanguage":"es","potentialAction":[{"@type":"ReadAction","target":["https:\/\/philosypsique.com\/inicio\/index.php\/episodios\/"]}]},{"@type":"BreadcrumbList","@id":"https:\/\/philosypsique.com\/inicio\/index.php\/episodios\/#breadcrumb","itemListElement":[{"@type":"ListItem","position":1,"name":"Portada","item":"https:\/\/philosypsique.com\/inicio\/"},{"@type":"ListItem","position":2,"name":"Episodios"}]},{"@type":"WebSite","@id":"https:\/\/philosypsique.com\/inicio\/#website","url":"https:\/\/philosypsique.com\/inicio\/","name":"Philosypsique","description":"Espacio para sentir, pensar y cuestionar.","publisher":{"@id":"https:\/\/philosypsique.com\/inicio\/#organization"},"potentialAction":[{"@type":"SearchAction","target":{"@type":"EntryPoint","urlTemplate":"https:\/\/philosypsique.com\/inicio\/?s={search_term_string}"},"query-input":{"@type":"PropertyValueSpecification","valueRequired":true,"valueName":"search_term_string"}}],"inLanguage":"es"},{"@type":"Organization","@id":"https:\/\/philosypsique.com\/inicio\/#organization","name":"Philosypsique","url":"https:\/\/philosypsique.com\/inicio\/","logo":{"@type":"ImageObject","inLanguage":"es","@id":"https:\/\/philosypsique.com\/inicio\/#\/schema\/logo\/image\/","url":"https:\/\/philosypsique.com\/inicio\/wp-content\/uploads\/2025\/02\/Logo-philo_psique-e1739665008571.jpg","contentUrl":"https:\/\/philosypsique.com\/inicio\/wp-content\/uploads\/2025\/02\/Logo-philo_psique-e1739665008571.jpg","width":200,"height":232,"caption":"Philosypsique"},"image":{"@id":"https:\/\/philosypsique.com\/inicio\/#\/schema\/logo\/image\/"}}]}},"_links":{"self":[{"href":"https:\/\/philosypsique.com\/inicio\/index.php\/wp-json\/wp\/v2\/pages\/73","targetHints":{"allow":["GET"]}}],"collection":[{"href":"https:\/\/philosypsique.com\/inicio\/index.php\/wp-json\/wp\/v2\/pages"}],"about":[{"href":"https:\/\/philosypsique.com\/inicio\/index.php\/wp-json\/wp\/v2\/types\/page"}],"author":[{"embeddable":true,"href":"https:\/\/philosypsique.com\/inicio\/index.php\/wp-json\/wp\/v2\/users\/1"}],"replies":[{"embeddable":true,"href":"https:\/\/philosypsique.com\/inicio\/index.php\/wp-json\/wp\/v2\/comments?post=73"}],"version-history":[{"count":14,"href":"https:\/\/philosypsique.com\/inicio\/index.php\/wp-json\/wp\/v2\/pages\/73\/revisions"}],"predecessor-version":[{"id":172,"href":"https:\/\/philosypsique.com\/inicio\/index.php\/wp-json\/wp\/v2\/pages\/73\/revisions\/172"}],"wp:attachment":[{"href":"https:\/\/philosypsique.com\/inicio\/index.php\/wp-json\/wp\/v2\/media?parent=73"}],"curies":[{"name":"wp","href":"https:\/\/api.w.org\/{rel}","templated":true}]}}